{"id":19615,"date":"2018-11-29T15:42:30","date_gmt":"2018-11-29T16:54:11","guid":{"rendered":"https:\/\/feel-maestro.eu\/catalog\/fara-categorie\/set-de-bucatarie-mr1590\/"},"modified":"2020-11-05T20:01:32","modified_gmt":"2020-11-05T17:01:32","slug":"set-de-bucatarie-mr1590","status":"publish","type":"product","link":"https:\/\/feel-maestro.eu\/ro\/catalog\/vesela-si-accesorii\/ustensile-de-bucatarie\/set-de-bucatarie-mr1590\/","title":{"rendered":"Set de buc\u0103t\u0103rie MR-1590"},"content":{"rendered":"","protected":false},"excerpt":{"rendered":"<ul>\n<li>Set de buc\u0103t\u0103rie din 4 piese<\/li>\n<li>Material: silicon<\/li>\n<li>Setul include urm\u0103toarele:<br \/>\nspatula de silicon,<br \/>\nperie de silicon,<br \/>\ntel de silicon,<br \/>\nlingura de silicon<\/li>\n<li>U\u015furin\u0163\u0103 de utilizare<\/li>\n<li>Posibile culor: verde deschis, galben, verde, portocaliu<\/li>\n<\/ul>\n<p><i class=\"fa fa-dropbox ibox\" aria-hidden=\"true\"><\/i> Numarul de piese bintr-o cutie: 24<\/p>\n","protected":false},"featured_media":81446,"comment_status":"closed","ping_status":"closed","template":"","meta":[],"_links":{"self":[{"href":"https:\/\/feel-maestro.eu\/ro\/wp-json\/wp\/v2\/product\/19615"}],"collection":[{"href":"https:\/\/feel-maestro.eu\/ro\/wp-json\/wp\/v2\/product"}],"about":[{"href":"https:\/\/feel-maestro.eu\/ro\/wp-json\/wp\/v2\/types\/product"}],"replies":[{"embeddable":true,"href":"https:\/\/feel-maestro.eu\/ro\/wp-json\/wp\/v2\/comments?post=19615"}],"wp:featuredmedia":[{"embeddable":true,"href":"https:\/\/feel-maestro.eu\/ro\/wp-json\/wp\/v2\/media\/81446"}],"wp:attachment":[{"href":"https:\/\/feel-maestro.eu\/ro\/wp-json\/wp\/v2\/media?parent=19615"}],"curies":[{"name":"wp","href":"https:\/\/api.w.org\/{rel}","templated":true}]}}