{"id":17951,"date":"2018-11-29T15:43:05","date_gmt":"2018-11-29T13:08:18","guid":{"rendered":"https:\/\/feel-maestro.eu\/catalog\/bez-kategorii\/blender-mr510\/"},"modified":"2025-12-08T15:10:09","modified_gmt":"2025-12-08T12:10:09","slug":"mr-510","status":"publish","type":"product","link":"https:\/\/feel-maestro.eu\/pl\/catalog\/produkty-elektryczne\/miksery-i-blendery\/mr-510\/","title":{"rendered":"Blender MR-510"},"content":{"rendered":"","protected":false},"excerpt":{"rendered":"<ul>\n<li>220-240 V, ~50 Hz, 300 W<\/li>\n<li>Nowoczesny, ergonomiczny design<\/li>\n<li>Ilo\u015b\u0107 szybko\u015bci: 2<\/li>\n<li>No\u017ce ze stali nierdzewnej<\/li>\n<li>Wygoda i prostota w u\u017cytkowaniu i czyszczeniu<\/li>\n<li>Kubek w zestawie<\/li>\n<li>\nPobierz instrukcj\u0119 <a class=\"btn_pdf\" href=\"\/images\/instructions\/Blender\/Manual_mr510.pdf\" title=\"Manual_mr510.pdf\"> Instrukcja <i class=\"fa fa-download\" aria-hidden=\"true\"><\/i><\/a><\/li>\n<\/ul>\n<p><i class=\"fa fa-dropbox ibox\" aria-hidden=\"true\"><\/i> Ilo\u015b\u0107 sztuk w kartonie: 8<\/p>\n","protected":false},"featured_media":63700,"comment_status":"closed","ping_status":"closed","template":"","meta":[],"_links":{"self":[{"href":"https:\/\/feel-maestro.eu\/pl\/wp-json\/wp\/v2\/product\/17951"}],"collection":[{"href":"https:\/\/feel-maestro.eu\/pl\/wp-json\/wp\/v2\/product"}],"about":[{"href":"https:\/\/feel-maestro.eu\/pl\/wp-json\/wp\/v2\/types\/product"}],"replies":[{"embeddable":true,"href":"https:\/\/feel-maestro.eu\/pl\/wp-json\/wp\/v2\/comments?post=17951"}],"wp:featuredmedia":[{"embeddable":true,"href":"https:\/\/feel-maestro.eu\/pl\/wp-json\/wp\/v2\/media\/63700"}],"wp:attachment":[{"href":"https:\/\/feel-maestro.eu\/pl\/wp-json\/wp\/v2\/media?parent=17951"}],"curies":[{"name":"wp","href":"https:\/\/api.w.org\/{rel}","templated":true}]}}