{"id":106077,"date":"2025-11-05T13:20:29","date_gmt":"2025-11-05T10:20:32","guid":{"rendered":"https:\/\/feel-maestro.eu\/?post_type=product&#038;p=106077"},"modified":"2025-11-05T13:30:07","modified_gmt":"2025-11-05T10:30:07","slug":"mr-030-red","status":"publish","type":"product","link":"https:\/\/feel-maestro.eu\/pl\/catalog\/produkty-elektryczne\/czajniki-podgrzewacze-do-wody\/mr-030-red\/","title":{"rendered":"Czajnik elektryczny MR-030-RED"},"content":{"rendered":"","protected":false},"excerpt":{"rendered":"<ul>\n<li>Pojemno\u015b\u0107: 1.7 L<\/li>\n<li>220-240 V, ~50 Hz, 1850-2200 W<\/li>\n<li>Nowoczesny design<\/li>\n<li>Ukryty element grzewczy<\/li>\n<li>Podw\u00f3jna obudowa<\/li>\n<li>Wska\u017anik poziomu wody<\/li>\n<li>Automatyczne wy\u0142\u0105czanie<\/li>\n<li>Wn\u0119trze wykonane w ca\u0142o\u015bci ze stali nierdzewnej<\/li>\n<li>Wn\u0119trze wykonane w ca\u0142o\u015bci ze stali nierdzewnej<\/li>\n<li>Pobierz instrukcj\u0119 <a class=\"btn_pdf\" title=\"mr030\" href=\"\/images\/instructions\/Chainiki\/mr030.pdf\"> Instrukcja <i class=\"fa fa-download\" aria-hidden=\"true\"><\/i><\/a><\/li>\n<\/ul>\n<p><a class=\"btn btnMr\">MR-030-BEIGE<\/a><i class=\"fa fa-dropbox ibox\" aria-hidden=\"true\"><\/i> Ilo\u015b\u0107 sztuk w kartonie: 8<\/p>\n","protected":false},"featured_media":89155,"comment_status":"closed","ping_status":"closed","template":"","meta":[],"_links":{"self":[{"href":"https:\/\/feel-maestro.eu\/pl\/wp-json\/wp\/v2\/product\/106077"}],"collection":[{"href":"https:\/\/feel-maestro.eu\/pl\/wp-json\/wp\/v2\/product"}],"about":[{"href":"https:\/\/feel-maestro.eu\/pl\/wp-json\/wp\/v2\/types\/product"}],"replies":[{"embeddable":true,"href":"https:\/\/feel-maestro.eu\/pl\/wp-json\/wp\/v2\/comments?post=106077"}],"wp:featuredmedia":[{"embeddable":true,"href":"https:\/\/feel-maestro.eu\/pl\/wp-json\/wp\/v2\/media\/89155"}],"wp:attachment":[{"href":"https:\/\/feel-maestro.eu\/pl\/wp-json\/wp\/v2\/media?parent=106077"}],"curies":[{"name":"wp","href":"https:\/\/api.w.org\/{rel}","templated":true}]}}